{"id":678,"date":"2020-09-03T16:55:35","date_gmt":"2020-09-03T14:55:35","guid":{"rendered":"https:\/\/sunorthodontic.fr\/?page_id=678"},"modified":"2020-09-23T10:41:22","modified_gmt":"2020-09-23T08:41:22","slug":"actifia-metal-sl-2","status":"publish","type":"page","link":"https:\/\/sunorthodontic.fr\/?page_id=678","title":{"rendered":"Actifia Metal SL"},"content":{"rendered":"\t\t<div data-elementor-type=\"wp-post\" data-elementor-id=\"678\" class=\"elementor elementor-678\" data-elementor-settings=\"[]\">\n\t\t\t\t\t\t<div class=\"elementor-inner\">\n\t\t\t\t\t\t\t<div class=\"elementor-section-wrap\">\n\t\t\t\t\t\t\t<section class=\"elementor-section elementor-top-section elementor-element elementor-element-7d89104 elementor-section-boxed elementor-section-height-default elementor-section-height-default\" data-id=\"7d89104\" data-element_type=\"section\">\n\t\t\t\t\t\t\t<div class=\"elementor-background-overlay\"><\/div>\n\t\t\t\t\t\t\t<div class=\"elementor-container elementor-column-gap-default\">\n\t\t\t\t\t\t\t<div class=\"elementor-row\">\n\t\t\t\t\t<div class=\"elementor-column elementor-col-100 elementor-top-column elementor-element elementor-element-417e4e9\" data-id=\"417e4e9\" data-element_type=\"column\">\n\t\t\t<div class=\"elementor-column-wrap\">\n\t\t\t\t\t\t\t<div class=\"elementor-widget-wrap\">\n\t\t\t\t\t\t\t\t<\/div>\n\t\t\t\t\t<\/div>\n\t\t<\/div>\n\t\t\t\t\t\t\t\t<\/div>\n\t\t\t\t\t<\/div>\n\t\t<\/section>\n\t\t\t\t<section class=\"elementor-section elementor-top-section elementor-element elementor-element-e1464de elementor-section-boxed elementor-section-height-default elementor-section-height-default\" data-id=\"e1464de\" data-element_type=\"section\">\n\t\t\t\t\t\t<div class=\"elementor-container elementor-column-gap-default\">\n\t\t\t\t\t\t\t<div class=\"elementor-row\">\n\t\t\t\t\t<div class=\"elementor-column elementor-col-100 elementor-top-column elementor-element elementor-element-987dc05\" data-id=\"987dc05\" data-element_type=\"column\">\n\t\t\t<div class=\"elementor-column-wrap elementor-element-populated\">\n\t\t\t\t\t\t\t<div class=\"elementor-widget-wrap\">\n\t\t\t\t\t\t<div class=\"elementor-element elementor-element-d29c6e0 elementor-widget elementor-widget-heading\" data-id=\"d29c6e0\" data-element_type=\"widget\" data-widget_type=\"heading.default\">\n\t\t\t\t<div class=\"elementor-widget-container\">\n\t\t\t<h1 class=\"elementor-heading-title elementor-size-default\">ACTIFIA METAL SL<\/h1>\t\t<\/div>\n\t\t\t\t<\/div>\n\t\t\t\t<div class=\"elementor-element elementor-element-2e036a5 elementor-widget elementor-widget-heading\" data-id=\"2e036a5\" data-element_type=\"widget\" data-widget_type=\"heading.default\">\n\t\t\t\t<div class=\"elementor-widget-container\">\n\t\t\t<div class=\"elementor-heading-title elementor-size-default\">Le syst\u00e8me actif permet un tr\u00e8s bon contr\u00f4le du torque et des rotations.<br>\nLa base \u00abMesh\u00bb vous assure un excellent collage.<br>\nLe corps du bracket en Acier est extr\u00eamement r\u00e9sistant.<br>\nLe m\u00e9canisme d\u2019ouverture tr\u00e8s simple facilite le travail au fauteuil.<\/div>\t\t<\/div>\n\t\t\t\t<\/div>\n\t\t\t\t<div class=\"elementor-element elementor-element-b4a9237 elementor-widget elementor-widget-image\" data-id=\"b4a9237\" data-element_type=\"widget\" data-widget_type=\"image.default\">\n\t\t\t\t<div class=\"elementor-widget-container\">\n\t\t\t\t\t<div class=\"elementor-image\">\n\t\t\t\t\t\t\t\t\t\t<img width=\"269\" height=\"300\" src=\"https:\/\/sunorthodontic.fr\/wp-content\/uploads\/2020\/09\/site_0005_ACTIFIA_active_004-269x300.png\" class=\"attachment-medium size-medium\" alt=\"\" loading=\"lazy\" srcset=\"https:\/\/sunorthodontic.fr\/wp-content\/uploads\/2020\/09\/site_0005_ACTIFIA_active_004-269x300.png 269w, https:\/\/sunorthodontic.fr\/wp-content\/uploads\/2020\/09\/site_0005_ACTIFIA_active_004-768x857.png 768w, https:\/\/sunorthodontic.fr\/wp-content\/uploads\/2020\/09\/site_0005_ACTIFIA_active_004.png 890w\" sizes=\"(max-width: 269px) 100vw, 269px\" \/>\t\t\t\t\t\t\t\t\t\t\t<\/div>\n\t\t\t\t<\/div>\n\t\t\t\t<\/div>\n\t\t\t\t\t\t<\/div>\n\t\t\t\t\t<\/div>\n\t\t<\/div>\n\t\t\t\t\t\t\t\t<\/div>\n\t\t\t\t\t<\/div>\n\t\t<\/section>\n\t\t\t\t<section class=\"elementor-section elementor-top-section elementor-element elementor-element-c122ba3 elementor-section-boxed elementor-section-height-default elementor-section-height-default\" data-id=\"c122ba3\" data-element_type=\"section\">\n\t\t\t\t\t\t<div class=\"elementor-container elementor-column-gap-default\">\n\t\t\t\t\t\t\t<div class=\"elementor-row\">\n\t\t\t\t\t<div class=\"elementor-column elementor-col-100 elementor-top-column elementor-element elementor-element-646137a\" data-id=\"646137a\" data-element_type=\"column\">\n\t\t\t<div class=\"elementor-column-wrap elementor-element-populated\">\n\t\t\t\t\t\t\t<div class=\"elementor-widget-wrap\">\n\t\t\t\t\t\t<div class=\"elementor-element elementor-element-526f0d1 elementor-widget elementor-widget-spacer\" data-id=\"526f0d1\" data-element_type=\"widget\" data-widget_type=\"spacer.default\">\n\t\t\t\t<div class=\"elementor-widget-container\">\n\t\t\t\t\t<div class=\"elementor-spacer\">\n\t\t\t<div class=\"elementor-spacer-inner\"><\/div>\n\t\t<\/div>\n\t\t\t\t<\/div>\n\t\t\t\t<\/div>\n\t\t\t\t\t\t<\/div>\n\t\t\t\t\t<\/div>\n\t\t<\/div>\n\t\t\t\t\t\t\t\t<\/div>\n\t\t\t\t\t<\/div>\n\t\t<\/section>\n\t\t\t\t\t\t<\/div>\n\t\t\t\t\t\t<\/div>\n\t\t\t\t\t<\/div>\n\t\t","protected":false},"excerpt":{"rendered":"<p>ACTIFIA METAL SL Le syst\u00e8me actif permet un tr\u00e8s bon contr\u00f4le du torque et des rotations. La base \u00abMesh\u00bb vous assure un excellent collage. Le corps du bracket en Acier est extr\u00eamement r\u00e9sistant. Le m\u00e9canisme d\u2019ouverture tr\u00e8s simple facilite le travail au fauteuil.<\/p>\n","protected":false},"author":1,"featured_media":627,"parent":0,"menu_order":0,"comment_status":"closed","ping_status":"closed","template":"elementor_header_footer","meta":[],"_links":{"self":[{"href":"https:\/\/sunorthodontic.fr\/index.php?rest_route=\/wp\/v2\/pages\/678"}],"collection":[{"href":"https:\/\/sunorthodontic.fr\/index.php?rest_route=\/wp\/v2\/pages"}],"about":[{"href":"https:\/\/sunorthodontic.fr\/index.php?rest_route=\/wp\/v2\/types\/page"}],"author":[{"embeddable":true,"href":"https:\/\/sunorthodontic.fr\/index.php?rest_route=\/wp\/v2\/users\/1"}],"replies":[{"embeddable":true,"href":"https:\/\/sunorthodontic.fr\/index.php?rest_route=%2Fwp%2Fv2%2Fcomments&post=678"}],"version-history":[{"count":5,"href":"https:\/\/sunorthodontic.fr\/index.php?rest_route=\/wp\/v2\/pages\/678\/revisions"}],"predecessor-version":[{"id":710,"href":"https:\/\/sunorthodontic.fr\/index.php?rest_route=\/wp\/v2\/pages\/678\/revisions\/710"}],"wp:featuredmedia":[{"embeddable":true,"href":"https:\/\/sunorthodontic.fr\/index.php?rest_route=\/wp\/v2\/media\/627"}],"wp:attachment":[{"href":"https:\/\/sunorthodontic.fr\/index.php?rest_route=%2Fwp%2Fv2%2Fmedia&parent=678"}],"curies":[{"name":"wp","href":"https:\/\/api.w.org\/{rel}","templated":true}]}}