{"id":648,"date":"2020-09-03T16:07:12","date_gmt":"2020-09-03T14:07:12","guid":{"rendered":"https:\/\/sunorthodontic.fr\/?page_id=648"},"modified":"2020-09-23T10:40:51","modified_gmt":"2020-09-23T08:40:51","slug":"actifia-clear-sl","status":"publish","type":"page","link":"https:\/\/sunorthodontic.fr\/?page_id=648","title":{"rendered":"Actifia Clear SL"},"content":{"rendered":"\t\t<div data-elementor-type=\"wp-post\" data-elementor-id=\"648\" class=\"elementor elementor-648\" data-elementor-settings=\"[]\">\n\t\t\t\t\t\t<div class=\"elementor-inner\">\n\t\t\t\t\t\t\t<div class=\"elementor-section-wrap\">\n\t\t\t\t\t\t\t<section class=\"elementor-section elementor-top-section elementor-element elementor-element-0fd5118 elementor-section-boxed elementor-section-height-default elementor-section-height-default\" data-id=\"0fd5118\" data-element_type=\"section\">\n\t\t\t\t\t\t\t<div class=\"elementor-background-overlay\"><\/div>\n\t\t\t\t\t\t\t<div class=\"elementor-container elementor-column-gap-default\">\n\t\t\t\t\t\t\t<div class=\"elementor-row\">\n\t\t\t\t\t<div class=\"elementor-column elementor-col-100 elementor-top-column elementor-element elementor-element-410d0e1\" data-id=\"410d0e1\" data-element_type=\"column\">\n\t\t\t<div class=\"elementor-column-wrap\">\n\t\t\t\t\t\t\t<div class=\"elementor-widget-wrap\">\n\t\t\t\t\t\t\t\t<\/div>\n\t\t\t\t\t<\/div>\n\t\t<\/div>\n\t\t\t\t\t\t\t\t<\/div>\n\t\t\t\t\t<\/div>\n\t\t<\/section>\n\t\t\t\t<section class=\"elementor-section elementor-top-section elementor-element elementor-element-3204dc6 elementor-section-boxed elementor-section-height-default elementor-section-height-default\" data-id=\"3204dc6\" data-element_type=\"section\">\n\t\t\t\t\t\t<div class=\"elementor-container elementor-column-gap-default\">\n\t\t\t\t\t\t\t<div class=\"elementor-row\">\n\t\t\t\t\t<div class=\"elementor-column elementor-col-100 elementor-top-column elementor-element elementor-element-6aae203\" data-id=\"6aae203\" data-element_type=\"column\">\n\t\t\t<div class=\"elementor-column-wrap elementor-element-populated\">\n\t\t\t\t\t\t\t<div class=\"elementor-widget-wrap\">\n\t\t\t\t\t\t<div class=\"elementor-element elementor-element-d29c6e0 elementor-widget elementor-widget-heading\" data-id=\"d29c6e0\" data-element_type=\"widget\" data-widget_type=\"heading.default\">\n\t\t\t\t<div class=\"elementor-widget-container\">\n\t\t\t<h1 class=\"elementor-heading-title elementor-size-default\">ACTIFIA CLEAR SL<\/h1>\t\t<\/div>\n\t\t\t\t<\/div>\n\t\t\t\t<div class=\"elementor-element elementor-element-2e036a5 elementor-widget elementor-widget-heading\" data-id=\"2e036a5\" data-element_type=\"widget\" data-widget_type=\"heading.default\">\n\t\t\t\t<div class=\"elementor-widget-container\">\n\t\t\t<div class=\"elementor-heading-title elementor-size-default\">La qualit\u00e9 de la c\u00e9ramique Poly-Crystalline offre un bracket solide avec des ailettes r\u00e9sistantes dans le temps. <br>\nLe syst\u00e8me actif permet un tr\u00e8s bon contr\u00f4le du torque et des rotations.<br>\nLe design arrondi du bracket rend le placement plus facile et am\u00e9liore le confort du patient.<br>\nLa base du bracket a \u00e9t\u00e9 sp\u00e9cialement travaill\u00e9e pour assurer un collage durable et facilier la pose des brackets.<\/div>\t\t<\/div>\n\t\t\t\t<\/div>\n\t\t\t\t<div class=\"elementor-element elementor-element-5312c0d elementor-widget elementor-widget-image\" data-id=\"5312c0d\" data-element_type=\"widget\" data-widget_type=\"image.default\">\n\t\t\t\t<div class=\"elementor-widget-container\">\n\t\t\t\t\t<div class=\"elementor-image\">\n\t\t\t\t\t\t\t\t\t\t<img width=\"268\" height=\"300\" src=\"https:\/\/sunorthodontic.fr\/wp-content\/uploads\/2020\/09\/site_0001_ACTIFIA-CLEARClose-268x300.png\" class=\"attachment-medium size-medium\" alt=\"\" loading=\"lazy\" srcset=\"https:\/\/sunorthodontic.fr\/wp-content\/uploads\/2020\/09\/site_0001_ACTIFIA-CLEARClose-268x300.png 268w, https:\/\/sunorthodontic.fr\/wp-content\/uploads\/2020\/09\/site_0001_ACTIFIA-CLEARClose-768x859.png 768w, https:\/\/sunorthodontic.fr\/wp-content\/uploads\/2020\/09\/site_0001_ACTIFIA-CLEARClose.png 908w\" sizes=\"(max-width: 268px) 100vw, 268px\" \/>\t\t\t\t\t\t\t\t\t\t\t<\/div>\n\t\t\t\t<\/div>\n\t\t\t\t<\/div>\n\t\t\t\t\t\t<\/div>\n\t\t\t\t\t<\/div>\n\t\t<\/div>\n\t\t\t\t\t\t\t\t<\/div>\n\t\t\t\t\t<\/div>\n\t\t<\/section>\n\t\t\t\t<section class=\"elementor-section elementor-top-section elementor-element elementor-element-c122ba3 elementor-section-boxed elementor-section-height-default elementor-section-height-default\" data-id=\"c122ba3\" data-element_type=\"section\">\n\t\t\t\t\t\t<div class=\"elementor-container elementor-column-gap-default\">\n\t\t\t\t\t\t\t<div class=\"elementor-row\">\n\t\t\t\t\t<div class=\"elementor-column elementor-col-100 elementor-top-column elementor-element elementor-element-646137a\" data-id=\"646137a\" data-element_type=\"column\">\n\t\t\t<div class=\"elementor-column-wrap elementor-element-populated\">\n\t\t\t\t\t\t\t<div class=\"elementor-widget-wrap\">\n\t\t\t\t\t\t<div class=\"elementor-element elementor-element-526f0d1 elementor-widget elementor-widget-spacer\" data-id=\"526f0d1\" data-element_type=\"widget\" data-widget_type=\"spacer.default\">\n\t\t\t\t<div class=\"elementor-widget-container\">\n\t\t\t\t\t<div class=\"elementor-spacer\">\n\t\t\t<div class=\"elementor-spacer-inner\"><\/div>\n\t\t<\/div>\n\t\t\t\t<\/div>\n\t\t\t\t<\/div>\n\t\t\t\t\t\t<\/div>\n\t\t\t\t\t<\/div>\n\t\t<\/div>\n\t\t\t\t\t\t\t\t<\/div>\n\t\t\t\t\t<\/div>\n\t\t<\/section>\n\t\t\t\t\t\t<\/div>\n\t\t\t\t\t\t<\/div>\n\t\t\t\t\t<\/div>\n\t\t","protected":false},"excerpt":{"rendered":"<p>ACTIFIA CLEAR SL La qualit\u00e9 de la c\u00e9ramique Poly-Crystalline offre un bracket solide avec des ailettes r\u00e9sistantes dans le temps. Le syst\u00e8me actif permet un tr\u00e8s bon contr\u00f4le du torque et des rotations. Le design arrondi du bracket rend le placement plus facile et am\u00e9liore le confort du patient. La base du bracket a \u00e9t\u00e9 [&hellip;]<\/p>\n","protected":false},"author":1,"featured_media":627,"parent":0,"menu_order":0,"comment_status":"closed","ping_status":"closed","template":"elementor_header_footer","meta":[],"_links":{"self":[{"href":"https:\/\/sunorthodontic.fr\/index.php?rest_route=\/wp\/v2\/pages\/648"}],"collection":[{"href":"https:\/\/sunorthodontic.fr\/index.php?rest_route=\/wp\/v2\/pages"}],"about":[{"href":"https:\/\/sunorthodontic.fr\/index.php?rest_route=\/wp\/v2\/types\/page"}],"author":[{"embeddable":true,"href":"https:\/\/sunorthodontic.fr\/index.php?rest_route=\/wp\/v2\/users\/1"}],"replies":[{"embeddable":true,"href":"https:\/\/sunorthodontic.fr\/index.php?rest_route=%2Fwp%2Fv2%2Fcomments&post=648"}],"version-history":[{"count":10,"href":"https:\/\/sunorthodontic.fr\/index.php?rest_route=\/wp\/v2\/pages\/648\/revisions"}],"predecessor-version":[{"id":708,"href":"https:\/\/sunorthodontic.fr\/index.php?rest_route=\/wp\/v2\/pages\/648\/revisions\/708"}],"wp:featuredmedia":[{"embeddable":true,"href":"https:\/\/sunorthodontic.fr\/index.php?rest_route=\/wp\/v2\/media\/627"}],"wp:attachment":[{"href":"https:\/\/sunorthodontic.fr\/index.php?rest_route=%2Fwp%2Fv2%2Fmedia&parent=648"}],"curies":[{"name":"wp","href":"https:\/\/api.w.org\/{rel}","templated":true}]}}